{"id":103010,"date":"2026-01-14T13:17:51","date_gmt":"2026-01-14T12:17:51","guid":{"rendered":"https:\/\/momadecupcakes.be\/?post_type=product&#038;p=103010"},"modified":"2026-01-14T13:17:52","modified_gmt":"2026-01-14T12:17:52","slug":"ambachtelijke-espresso-blend-deca-250g","status":"publish","type":"product","link":"https:\/\/momadecupcakes.be\/fr\/produit\/ambachtelijke-espresso-blend-deca-250g\/","title":{"rendered":"M\u00e9lange espresso artisanal (d\u00e9ca) | 250g"},"content":{"rendered":"","protected":false},"excerpt":{"rendered":"<p>Un m\u00e9lange expresso irr\u00e9sistible compos\u00e9 de grains d'Arabica br\u00e9siliens de haute qualit\u00e9 (Fazenda Nunes, Cerrado Mineiro - 60%) aux notes de chocolat noir et de prune rouge m\u00fbre. Parfaitement \u00e9quilibr\u00e9 par des grains d'Arabica colombiens doux (Santa Maria, Huila - 40%) qui ajoutent une touche d'agrumes \u00e9l\u00e9gante.<\/p>\n<p>&nbsp;<\/p>\n<p>Grains de caf\u00e9 d\u00e9ca fra\u00eechement torr\u00e9fi\u00e9s, emball\u00e9s dans un sachet pratique de 250 g - id\u00e9al pour ceux qui aiment la qualit\u00e9, la commodit\u00e9 et l'exp\u00e9rience d'une saveur riche.<\/p>\n<p>&nbsp;<\/p>\n<p><span style=\"color: #a47f3f;\"><em>Conseils de conservation : Le caf\u00e9 est meilleur jusqu'\u00e0 3 semaines apr\u00e8s ouverture s'il est conserv\u00e9 dans un endroit frais et sec, dans son emballage d'origine. Conserver les grains entiers et les moudre juste avant de les utiliser.<\/em><\/span><\/p>","protected":false},"featured_media":101076,"template":"","meta":{"wds_primary_product_brand":0,"wds_primary_product_cat":0,"wds_primary_pa_beschikbare-formaten":0,"wds_primary_pa_formaat":0,"wds_primary_pa_smaak":0,"wds_primary_pa_testsize":0},"product_brand":[],"product_cat":[277],"product_tag":[],"class_list":{"0":"post-103010","1":"product","2":"type-product","3":"status-publish","4":"has-post-thumbnail","6":"product_cat-koffie-and-mo","8":"first","9":"instock","10":"taxable","11":"shipping-taxable","12":"purchasable","13":"product-type-simple"},"_links":{"self":[{"href":"https:\/\/momadecupcakes.be\/fr\/wp-json\/wp\/v2\/product\/103010","targetHints":{"allow":["GET"]}}],"collection":[{"href":"https:\/\/momadecupcakes.be\/fr\/wp-json\/wp\/v2\/product"}],"about":[{"href":"https:\/\/momadecupcakes.be\/fr\/wp-json\/wp\/v2\/types\/product"}],"wp:featuredmedia":[{"embeddable":true,"href":"https:\/\/momadecupcakes.be\/fr\/wp-json\/wp\/v2\/media\/101076"}],"wp:attachment":[{"href":"https:\/\/momadecupcakes.be\/fr\/wp-json\/wp\/v2\/media?parent=103010"}],"wp:term":[{"taxonomy":"product_brand","embeddable":true,"href":"https:\/\/momadecupcakes.be\/fr\/wp-json\/wp\/v2\/product_brand?post=103010"},{"taxonomy":"product_cat","embeddable":true,"href":"https:\/\/momadecupcakes.be\/fr\/wp-json\/wp\/v2\/product_cat?post=103010"},{"taxonomy":"product_tag","embeddable":true,"href":"https:\/\/momadecupcakes.be\/fr\/wp-json\/wp\/v2\/product_tag?post=103010"}],"curies":[{"name":"wp","href":"https:\/\/api.w.org\/{rel}","templated":true}]}}