{"id":97395,"date":"2024-06-17T12:48:22","date_gmt":"2024-06-17T10:48:22","guid":{"rendered":"https:\/\/momadecupcakes.be\/?post_type=product&#038;p=97395"},"modified":"2025-07-30T13:50:56","modified_gmt":"2025-07-30T11:50:56","slug":"huile-dolive-extra-vierge-500ml","status":"publish","type":"product","link":"https:\/\/momadecupcakes.be\/fr\/produit\/huile-dolive-extra-vierge-500ml\/","title":{"rendered":"Huile d'olive extra vierge"},"content":{"rendered":"","protected":false},"excerpt":{"rendered":"<p>Huile d'olive Extra Vierge du Boulevard de la Madeleine. Cette huile d'olive espagnole de premi\u00e8re qualit\u00e9, pr\u00e9sent\u00e9e dans une magnifique carafe en verre, est un joyau dans toute cuisine et constitue un excellent cadeau pour toute occasion.<\/p>\n<p>&nbsp;<\/p>\n<p>Les madeleines ne sont pas incluses.<\/p>","protected":false},"featured_media":97400,"template":"","meta":{"wds_primary_product_brand":0,"wds_primary_product_cat":0,"wds_primary_pa_beschikbare-formaten":0,"wds_primary_pa_formaat":0,"wds_primary_pa_smaak":0,"wds_primary_pa_testsize":0},"product_brand":[],"product_cat":[252],"product_tag":[],"class_list":{"0":"post-97395","1":"product","2":"type-product","3":"status-publish","4":"has-post-thumbnail","6":"product_cat-gifts","8":"first","9":"instock","10":"taxable","11":"shipping-taxable","12":"purchasable","13":"product-type-variable"},"_links":{"self":[{"href":"https:\/\/momadecupcakes.be\/fr\/wp-json\/wp\/v2\/product\/97395","targetHints":{"allow":["GET"]}}],"collection":[{"href":"https:\/\/momadecupcakes.be\/fr\/wp-json\/wp\/v2\/product"}],"about":[{"href":"https:\/\/momadecupcakes.be\/fr\/wp-json\/wp\/v2\/types\/product"}],"wp:featuredmedia":[{"embeddable":true,"href":"https:\/\/momadecupcakes.be\/fr\/wp-json\/wp\/v2\/media\/97400"}],"wp:attachment":[{"href":"https:\/\/momadecupcakes.be\/fr\/wp-json\/wp\/v2\/media?parent=97395"}],"wp:term":[{"taxonomy":"product_brand","embeddable":true,"href":"https:\/\/momadecupcakes.be\/fr\/wp-json\/wp\/v2\/product_brand?post=97395"},{"taxonomy":"product_cat","embeddable":true,"href":"https:\/\/momadecupcakes.be\/fr\/wp-json\/wp\/v2\/product_cat?post=97395"},{"taxonomy":"product_tag","embeddable":true,"href":"https:\/\/momadecupcakes.be\/fr\/wp-json\/wp\/v2\/product_tag?post=97395"}],"curies":[{"name":"wp","href":"https:\/\/api.w.org\/{rel}","templated":true}]}}