{"id":97440,"date":"2024-06-24T13:17:22","date_gmt":"2024-06-24T11:17:22","guid":{"rendered":"https:\/\/momadecupcakes.be\/?post_type=product&#038;p=97440"},"modified":"2025-12-15T15:59:18","modified_gmt":"2025-12-15T14:59:18","slug":"gateau-aux-macarons-2","status":"publish","type":"product","link":"https:\/\/momadecupcakes.be\/fr\/produit\/gateau-aux-macarons-2\/","title":{"rendered":"G\u00e2teau macaron"},"content":{"rendered":"","protected":false},"excerpt":{"rendered":"<p>D\u00e9couvrez le plus gros macaron que vous puissiez trouver chez Momade ! Ce macaron artisanal \u00e0 la pistache est fourr\u00e9 de framboises et d'un doux confit de framboises, \u00e0 go\u00fbter absolument !<\/p>","protected":false},"featured_media":102358,"template":"","meta":{"wds_primary_product_brand":0,"wds_primary_product_cat":0,"wds_primary_pa_beschikbare-formaten":0,"wds_primary_pa_formaat":0,"wds_primary_pa_smaak":0,"wds_primary_pa_testsize":0},"product_brand":[],"product_cat":[150,152],"product_tag":[],"class_list":{"0":"post-97440","1":"product","2":"type-product","3":"status-publish","4":"has-post-thumbnail","6":"product_cat-taartjes-cake","7":"product_cat-vegan-glutenarm","9":"first","10":"instock","11":"taxable","12":"shipping-taxable","13":"purchasable","14":"product-type-variable","15":"has-default-attributes"},"_links":{"self":[{"href":"https:\/\/momadecupcakes.be\/fr\/wp-json\/wp\/v2\/product\/97440","targetHints":{"allow":["GET"]}}],"collection":[{"href":"https:\/\/momadecupcakes.be\/fr\/wp-json\/wp\/v2\/product"}],"about":[{"href":"https:\/\/momadecupcakes.be\/fr\/wp-json\/wp\/v2\/types\/product"}],"wp:featuredmedia":[{"embeddable":true,"href":"https:\/\/momadecupcakes.be\/fr\/wp-json\/wp\/v2\/media\/102358"}],"wp:attachment":[{"href":"https:\/\/momadecupcakes.be\/fr\/wp-json\/wp\/v2\/media?parent=97440"}],"wp:term":[{"taxonomy":"product_brand","embeddable":true,"href":"https:\/\/momadecupcakes.be\/fr\/wp-json\/wp\/v2\/product_brand?post=97440"},{"taxonomy":"product_cat","embeddable":true,"href":"https:\/\/momadecupcakes.be\/fr\/wp-json\/wp\/v2\/product_cat?post=97440"},{"taxonomy":"product_tag","embeddable":true,"href":"https:\/\/momadecupcakes.be\/fr\/wp-json\/wp\/v2\/product_tag?post=97440"}],"curies":[{"name":"wp","href":"https:\/\/api.w.org\/{rel}","templated":true}]}}